{"id":2374,"date":"2023-04-03T11:01:04","date_gmt":"2023-04-03T09:01:04","guid":{"rendered":"https:\/\/www.atelier-cycle-du-ried.com\/?page_id=2374"},"modified":"2023-04-03T11:02:22","modified_gmt":"2023-04-03T09:02:22","slug":"mes-apparitions-dans-la-presse","status":"publish","type":"page","link":"https:\/\/www.atelier-cycle-du-ried.com\/index.php\/mes-apparitions-dans-la-presse\/","title":{"rendered":"Mes apparitions dans la presse&#8230;"},"content":{"rendered":"[vc_row full_width=\u00a0\u00bbstretch_row\u00a0\u00bb][vc_column]<div class=\"cws_spacing cws_spacing_size_sm_desctop-on cws_spacing_tablet-on cws_spacing_mobile-on\"><div class=\"cws_spacing cws_spacing_default\" style=\"height:80px;\"><\/div> <div class=\"cws_spacing cws_spacing_size_sm_desctop\" style=\"height:80px;\"><\/div> <div class=\"cws_spacing cws_spacing_tablet\" style=\"height:50px;\"><\/div> <div class=\"cws_spacing cws_spacing_mobile\" style=\"height:50px;\"><\/div><\/div>[\/vc_column][\/vc_row][vc_row equal_height=\u00a0\u00bbyes\u00a0\u00bb][vc_column width=\u00a0\u00bb5\/12&Prime;]<div class='cws_textmodule cws_vc_shortcode_module' id='cws_textmodule_69e015bf85ed5'><div class='cws_textmodule_wrapper'><div class='cws_textmodule_text text_align_left'><div class='cws_textmodule_titles'><h3 class='cws_textmodule_title with_bg small'>Responsable associatif et pilote engag\u00e9, je n'h\u00e9site pas \u00e0 d\u00e9fendre le vtt dans les m\u00e9dias<\/h3><\/div><div class='cws_textmodule_content'><div class='text_content_wrapper'><p>Etant un communicant n\u00e9, avec une exp\u00e9rience significative des relations presse, j&rsquo;ai toujours trouv\u00e9 normal de prendre \u00e0 bras le corps la d\u00e9fense de notre sport au quotidien.<\/p>\n<p>Ceux qui me connaissent et roulent avec moi savent que j&rsquo;en fait m\u00eame souvent trop, \u00e0 syst\u00e9matiquement \u00eatre dans la convivialit\u00e9 et le respect avec tous les usagers de la for\u00eat. Mais il est tr\u00e8s important de montrer l&rsquo;exemple. La bonne humeur est contagieuse et change du tout au tout le caract\u00e8re d&rsquo;une rencontre, m\u00eame si elle a mal commenc\u00e9.<\/p>\n<p>Vous pouvez donc retrouver ici quelques temps forts de mes apparitions dans les m\u00e9dias locaux et nationaux.<br \/>\nJe n&rsquo;ai pas toujours le reflex d&rsquo;enregistrer mes interventions, alors n&rsquo;h\u00e9sitez pas \u00e0 m&rsquo;envoyer vos coupures de presse.<\/p>\n<p>Je vous dis \u00e0 tr\u00e8s vite.<br \/>\nMaxime<\/p>\n<\/div><\/div><a href=\"http:\/\/www.atelier-cycle-du-ried.com\/index.php\/contacts\/\" class='cws_custom_button advanced'>Me contacter<\/a><\/div><\/div><\/div><div class=\"cws_spacing cws_spacing_size_sm_desctop-on cws_spacing_tablet-on cws_spacing_mobile-on\"><div class=\"cws_spacing cws_spacing_default\" style=\"height:0px;\"><\/div> <div class=\"cws_spacing cws_spacing_size_sm_desctop\" style=\"height:0px;\"><\/div> <div class=\"cws_spacing cws_spacing_tablet\" style=\"height:0px;\"><\/div> <div class=\"cws_spacing cws_spacing_mobile\" style=\"height:20px;\"><\/div><\/div>[\/vc_column][vc_column width=\u00a0\u00bb7\/12&Prime; bg_cws_repeat=\u00a0\u00bbno-repeat\u00a0\u00bb bg_cws_size=\u00a0\u00bbcover\u00a0\u00bb bg_image_position=\u00a0\u00bbcenter_center\u00a0\u00bb cws_mobile_paddings=\u00a0\u00bb300px 0px 0px 0px\u00a0\u00bb][vc_column_text]Interview donn\u00e9e \u00e0 France Info dans le cadre de la recrudescence des pi\u00e8ges anti-VTT<\/p>\n<!--[if lt IE 9]><script>document.createElement('audio');<\/script><![endif]-->\n<audio class=\"wp-audio-shortcode\" id=\"audio-2374-1\" preload=\"none\" style=\"width: 100%;\" controls=\"controls\"><source type=\"audio\/mpeg\" src=\"https:\/\/www.atelier-cycle-du-ried.com\/wp-content\/uploads\/2023\/04\/le-choix-de-france-info.mp3?_=1\" \/><a href=\"https:\/\/www.atelier-cycle-du-ried.com\/wp-content\/uploads\/2023\/04\/le-choix-de-france-info.mp3\">https:\/\/www.atelier-cycle-du-ried.com\/wp-content\/uploads\/2023\/04\/le-choix-de-france-info.mp3<\/a><\/audio>\n[\/vc_column_text]<div class=\"cws_spacing cws_spacing_size_sm_desctop-on cws_spacing_tablet-on cws_spacing_mobile-on\"><div class=\"cws_spacing cws_spacing_default\" style=\"height:10px;\"><\/div> <div class=\"cws_spacing cws_spacing_size_sm_desctop\" style=\"height:0px;\"><\/div> <div class=\"cws_spacing cws_spacing_tablet\" style=\"height:0px;\"><\/div> <div class=\"cws_spacing cws_spacing_mobile\" style=\"height:20px;\"><\/div><\/div>[vc_column_text]Participation au JT de France 3 Alsace le 19 septembre 2021<\/p>\n<div style=\"width: 1170px;\" class=\"wp-video\"><!--[if lt IE 9]><script>document.createElement('video');<\/script><![endif]-->\n<video class=\"wp-video-shortcode\" id=\"video-2374-1\" width=\"1170\" height=\"658\" preload=\"metadata\" controls=\"controls\"><source type=\"video\/mp4\" src=\"https:\/\/www.atelier-cycle-du-ried.com\/wp-content\/uploads\/2023\/04\/Les-vetetistes-se-mobilisent-_-France-3-Alsace-_-Dimanche-19-septembre-2021.mp4?_=1\" \/><a href=\"https:\/\/www.atelier-cycle-du-ried.com\/wp-content\/uploads\/2023\/04\/Les-vetetistes-se-mobilisent-_-France-3-Alsace-_-Dimanche-19-septembre-2021.mp4\">https:\/\/www.atelier-cycle-du-ried.com\/wp-content\/uploads\/2023\/04\/Les-vetetistes-se-mobilisent-_-France-3-Alsace-_-Dimanche-19-septembre-2021.mp4<\/a><\/video><\/div>\n[\/vc_column_text]<div class=\"cws_spacing cws_spacing_size_sm_desctop-on cws_spacing_tablet-on cws_spacing_mobile-on\"><div class=\"cws_spacing cws_spacing_default\" style=\"height:10px;\"><\/div> <div class=\"cws_spacing cws_spacing_size_sm_desctop\" style=\"height:0px;\"><\/div> <div class=\"cws_spacing cws_spacing_tablet\" style=\"height:0px;\"><\/div> <div class=\"cws_spacing cws_spacing_mobile\" style=\"height:20px;\"><\/div><\/div>[vc_column_text]Participation au 13h de TF1 le 24 septembre 2021<\/p>\n<div style=\"width: 720px;\" class=\"wp-video\"><video class=\"wp-video-shortcode\" id=\"video-2374-2\" width=\"720\" height=\"480\" preload=\"metadata\" controls=\"controls\"><source type=\"video\/mp4\" src=\"https:\/\/www.atelier-cycle-du-ried.com\/wp-content\/uploads\/2023\/04\/tf1_1_1.mp4?_=2\" \/><a href=\"https:\/\/www.atelier-cycle-du-ried.com\/wp-content\/uploads\/2023\/04\/tf1_1_1.mp4\">https:\/\/www.atelier-cycle-du-ried.com\/wp-content\/uploads\/2023\/04\/tf1_1_1.mp4<\/a><\/video><\/div>\n[\/vc_column_text]<div class=\"cws_spacing cws_spacing_size_sm_desctop-on cws_spacing_tablet-on cws_spacing_mobile-on\"><div class=\"cws_spacing cws_spacing_default\" style=\"height:10px;\"><\/div> <div class=\"cws_spacing cws_spacing_size_sm_desctop\" style=\"height:0px;\"><\/div> <div class=\"cws_spacing cws_spacing_tablet\" style=\"height:0px;\"><\/div> <div class=\"cws_spacing cws_spacing_mobile\" style=\"height:20px;\"><\/div><\/div>[vc_column_text]Article sur France Bleu Alsace<\/p>\n<p>https:\/\/www.francebleu.fr\/infos\/faits-divers-justice\/les-pratiquants-de-vtt-des-vosges-en-ont-ras-le-bol-d-etre-pointes-du-doigt-1631785263[\/vc_column_text]<div class=\"cws_spacing cws_spacing_size_sm_desctop-on cws_spacing_tablet-on cws_spacing_mobile-on\"><div class=\"cws_spacing cws_spacing_default\" style=\"height:10px;\"><\/div> <div class=\"cws_spacing cws_spacing_size_sm_desctop\" style=\"height:0px;\"><\/div> <div class=\"cws_spacing cws_spacing_tablet\" style=\"height:0px;\"><\/div> <div class=\"cws_spacing cws_spacing_mobile\" style=\"height:20px;\"><\/div><\/div>[vc_column_text]Interview et promotion du groupe Elsass Ebike dans le suppl\u00e9ment passion vosges des DNA<\/p>\n<p>En kiosque en avril 2023 ou en commande ici :<br \/>\nhttps:\/\/boutique.lalsace-dna.fr\/nature\/collection-passion-vosges\/passion-vosges-16-lalsace-a-velo<\/p>\n<p><img loading=\"lazy\" class=\"alignnone wp-image-2383 size-full\" src=\"https:\/\/www.atelier-cycle-du-ried.com\/wp-content\/uploads\/2023\/04\/338711904_1594239084411059_4876201321808747797_n.jpg\" alt=\"\" width=\"400\" height=\"525\" srcset=\"https:\/\/www.atelier-cycle-du-ried.com\/wp-content\/uploads\/2023\/04\/338711904_1594239084411059_4876201321808747797_n.jpg 400w, https:\/\/www.atelier-cycle-du-ried.com\/wp-content\/uploads\/2023\/04\/338711904_1594239084411059_4876201321808747797_n-229x300.jpg 229w\" sizes=\"(max-width: 400px) 100vw, 400px\" \/><\/p>\n<p><img loading=\"lazy\" class=\"alignnone wp-image-2384 size-full\" src=\"https:\/\/www.atelier-cycle-du-ried.com\/wp-content\/uploads\/2023\/04\/passion-vosge.jpg\" alt=\"\" width=\"733\" height=\"638\" srcset=\"https:\/\/www.atelier-cycle-du-ried.com\/wp-content\/uploads\/2023\/04\/passion-vosge.jpg 733w, https:\/\/www.atelier-cycle-du-ried.com\/wp-content\/uploads\/2023\/04\/passion-vosge-300x261.jpg 300w\" sizes=\"(max-width: 733px) 100vw, 733px\" \/>[\/vc_column_text][\/vc_column][\/vc_row][vc_row full_width=\u00a0\u00bbstretch_row\u00a0\u00bb bg_cws_color=\u00a0\u00bbcolor\u00a0\u00bb cws_overlay_color=\u00a0\u00bb#1c1716&Prime; cws_pattern_image=\u00a0\u00bb275&Prime;][vc_column]<div class=\"cws_spacing cws_spacing_size_sm_desctop-on cws_spacing_tablet-on cws_spacing_mobile-on\"><div class=\"cws_spacing cws_spacing_default\" style=\"height:110px;\"><\/div> <div class=\"cws_spacing cws_spacing_size_sm_desctop\" style=\"height:110px;\"><\/div> <div class=\"cws_spacing cws_spacing_tablet\" style=\"height:110px;\"><\/div> <div class=\"cws_spacing cws_spacing_mobile\" style=\"height:50px;\"><\/div><\/div>[vc_row_inner][vc_column_inner width=\u00a0\u00bb1\/2&Prime;]<div class='cws_textmodule cws_vc_shortcode_module' id='cws_textmodule_69e015bf861b7'><div class='cws_textmodule_wrapper'><div class='cws_textmodule_text mobile_center text_align_left'><div class='cws_textmodule_titles'><div class='cws_textmodule_subtitle_wrapper with_decor'><span class='subtitle-dots left'><\/span><span class='subtitile_left_line'><\/span><h4 class='cws_textmodule_subtitle'>la p\u00e9tition<\/h4><span class='subtitile_right_line'><\/span><span class='subtitle-dots right'><\/span><\/div><h3 class='cws_textmodule_title small'>Non \u00e0 l'interdiction du vtt dans le massif des Vosges<\/h3><\/div><\/div><\/div><\/div>[\/vc_column_inner][vc_column_inner width=\u00a0\u00bb1\/2&Prime; offset=\u00a0\u00bbvc_hidden-xs\u00a0\u00bb][\/vc_column_inner][\/vc_row_inner][vc_column_text]\n<h5>P\u00e9tition contre les injonctions \u00e0 l&rsquo;interdiction du vtt dans le massif des vosges<\/h5>\n<h5><a href=\"https:\/\/www.change.org\/p\/monsieur-le-pr%C3%A9fet-du-68-non-%C3%A0-l-interdiction-du-vtt-dans-le-massif-des-vosges\">https:\/\/www.change.org\/p\/monsieur-le-pr%C3%A9fet-du-68-non-%C3%A0-l-interdiction-du-vtt-dans-le-massif-des-vosges<\/a><\/h5>\n<p><a href=\"https:\/\/www.change.org\/p\/monsieur-le-pr%C3%A9fet-du-68-non-%C3%A0-l-interdiction-du-vtt-dans-le-massif-des-vosges\"><img loading=\"lazy\" class=\"aligncenter wp-image-2370 size-full\" src=\"https:\/\/www.atelier-cycle-du-ried.com\/wp-content\/uploads\/2021\/09\/lettre-ouverte-version-web-scaled.jpg\" alt=\"\" width=\"597\" height=\"2560\" srcset=\"https:\/\/www.atelier-cycle-du-ried.com\/wp-content\/uploads\/2021\/09\/lettre-ouverte-version-web-scaled.jpg 597w, https:\/\/www.atelier-cycle-du-ried.com\/wp-content\/uploads\/2021\/09\/lettre-ouverte-version-web-70x300.jpg 70w, https:\/\/www.atelier-cycle-du-ried.com\/wp-content\/uploads\/2021\/09\/lettre-ouverte-version-web-239x1024.jpg 239w, https:\/\/www.atelier-cycle-du-ried.com\/wp-content\/uploads\/2021\/09\/lettre-ouverte-version-web-768x3293.jpg 768w, https:\/\/www.atelier-cycle-du-ried.com\/wp-content\/uploads\/2021\/09\/lettre-ouverte-version-web-358x1536.jpg 358w\" sizes=\"(max-width: 597px) 100vw, 597px\" \/><\/a>[\/vc_column_text][\/vc_column][\/vc_row]\n","protected":false},"excerpt":{"rendered":"<p>[vc_row full_width=\u00a0\u00bbstretch_row\u00a0\u00bb][vc_column][\/vc_column][\/vc_row][vc_row equal_height=\u00a0\u00bbyes\u00a0\u00bb][vc_column width=\u00a0\u00bb5\/12&Prime;][\/vc_column][vc_column width=\u00a0\u00bb7\/12&Prime; bg_cws_repeat=\u00a0\u00bbno-repeat\u00a0\u00bb bg_cws_size=\u00a0\u00bbcover\u00a0\u00bb bg_image_position=\u00a0\u00bbcenter_center\u00a0\u00bb cws_mobile_paddings=\u00a0\u00bb300px 0px 0px 0px\u00a0\u00bb][vc_column_text]Interview donn\u00e9e \u00e0 France Info dans le cadre de la recrudescence des pi\u00e8ges anti-VTT [\/vc_column_text][vc_column_text]Participation au JT de France 3 Alsace le 19 septembre 2021 [\/vc_column_text][vc_column_text]Participation au 13h de TF1 le 24 septembre 2021 [\/vc_column_text][vc_column_text]Article sur France Bleu Alsace https:\/\/www.francebleu.fr\/infos\/faits-divers-justice\/les-pratiquants-de-vtt-des-vosges-en-ont-ras-le-bol-d-etre-pointes-du-doigt-1631785263[\/vc_column_text][vc_column_text]Interview et promotion du groupe Elsass Ebike dans le suppl\u00e9ment passion vosges des DNA En kiosque en avril 2023 ou en commande ici : https:\/\/boutique.lalsace-dna.fr\/nature\/collection-passion-vosges\/passion-vosges-16-lalsace-a-velo [\/vc_column_text][\/vc_column][\/vc_row][vc_row full_width=\u00a0\u00bbstretch_row\u00a0\u00bb bg_cws_color=\u00a0\u00bbcolor\u00a0\u00bb cws_overlay_color=\u00a0\u00bb#1c1716&Prime; cws_pattern_image=\u00a0\u00bb275&Prime;][vc_column][vc_row_inner][vc_column_inner width=\u00a0\u00bb1\/2&Prime;][\/vc_column_inner][vc_column_inner width=\u00a0\u00bb1\/2&Prime; offset=\u00a0\u00bbvc_hidden-xs\u00a0\u00bb][\/vc_column_inner][\/vc_row_inner][vc_column_text] P\u00e9tition contre les injonctions \u00e0 l&rsquo;interdiction du vtt dans le massif des vosges https:\/\/www.change.org\/p\/monsieur-le-pr%C3%A9fet-du-68-non-%C3%A0-l-interdiction-du-vtt-dans-le-massif-des-vosges [\/vc_column_text][\/vc_column][\/vc_row]<\/p>\n","protected":false},"author":1,"featured_media":0,"parent":0,"menu_order":0,"comment_status":"closed","ping_status":"closed","template":"","meta":[],"_links":{"self":[{"href":"https:\/\/www.atelier-cycle-du-ried.com\/index.php\/wp-json\/wp\/v2\/pages\/2374"}],"collection":[{"href":"https:\/\/www.atelier-cycle-du-ried.com\/index.php\/wp-json\/wp\/v2\/pages"}],"about":[{"href":"https:\/\/www.atelier-cycle-du-ried.com\/index.php\/wp-json\/wp\/v2\/types\/page"}],"author":[{"embeddable":true,"href":"https:\/\/www.atelier-cycle-du-ried.com\/index.php\/wp-json\/wp\/v2\/users\/1"}],"replies":[{"embeddable":true,"href":"https:\/\/www.atelier-cycle-du-ried.com\/index.php\/wp-json\/wp\/v2\/comments?post=2374"}],"version-history":[{"count":14,"href":"https:\/\/www.atelier-cycle-du-ried.com\/index.php\/wp-json\/wp\/v2\/pages\/2374\/revisions"}],"predecessor-version":[{"id":2393,"href":"https:\/\/www.atelier-cycle-du-ried.com\/index.php\/wp-json\/wp\/v2\/pages\/2374\/revisions\/2393"}],"wp:attachment":[{"href":"https:\/\/www.atelier-cycle-du-ried.com\/index.php\/wp-json\/wp\/v2\/media?parent=2374"}],"curies":[{"name":"wp","href":"https:\/\/api.w.org\/{rel}","templated":true}]}}