{"id":424,"date":"2018-09-06T06:04:36","date_gmt":"2018-09-06T06:04:36","guid":{"rendered":"http:\/\/www.atelier-cycle-du-ried.com\/index.php\/our-services\/"},"modified":"2024-11-30T21:49:04","modified_gmt":"2024-11-30T20:49:04","slug":"our-services","status":"publish","type":"page","link":"https:\/\/www.atelier-cycle-du-ried.com\/index.php\/our-services\/","title":{"rendered":"Liste des prestations"},"content":{"rendered":"[vc_row full_width=\u00a0\u00bbstretch_row\u00a0\u00bb][vc_column]<div class=\"cws_spacing cws_spacing_size_sm_desctop-on cws_spacing_tablet-on cws_spacing_mobile-on\"><div class=\"cws_spacing cws_spacing_default\" style=\"height:90px;\"><\/div> <div class=\"cws_spacing cws_spacing_size_sm_desctop\" style=\"height:90px;\"><\/div> <div class=\"cws_spacing cws_spacing_tablet\" style=\"height:50px;\"><\/div> <div class=\"cws_spacing cws_spacing_mobile\" style=\"height:50px;\"><\/div><\/div><div class='cws_textmodule cws_vc_shortcode_module' id='cws_textmodule_69d0cad8dcc24'><div class='cws_textmodule_wrapper'><div class='cws_textmodule_text text_align_center'><div class='cws_textmodule_titles'><div class='cws_textmodule_subtitle_wrapper with_decor'><span class='subtitle-dots left'><\/span><span class='subtitile_left_line'><\/span><h4 class='cws_textmodule_subtitle'>Liste des prestations<\/h4><span class='subtitile_right_line'><\/span><span class='subtitle-dots right'><\/span><\/div><h3 class='cws_textmodule_title large'>TRANSMISSION<\/h3><\/div><\/div><\/div><\/div><div class='sc_button_wrapper  align-center mobile-align-center'><a href='http:\/\/www.atelier-cycle-du-ried.com\/index.php\/contacts\/' class='cws_custom_button large advanced' id='cws_vc_shortcode_button_69d0cad8dcd31'>Rendez-vous<\/a><\/div><div class=\"cws_spacing cws_spacing_size_sm_desctop-on cws_spacing_tablet-on cws_spacing_mobile-on\"><div class=\"cws_spacing cws_spacing_default\" style=\"height:90px;\"><\/div> <div class=\"cws_spacing cws_spacing_size_sm_desctop\" style=\"height:90px;\"><\/div> <div class=\"cws_spacing cws_spacing_tablet\" style=\"height:50px;\"><\/div> <div class=\"cws_spacing cws_spacing_mobile\" style=\"height:50px;\"><\/div><\/div><div id='cws_vc_shortcode_msg_box_69d0cad8dcd72' class='cws_vc_shortcode_msg_box cws_vc_shortcode_module info'><div class='icon_part'><i class='msg_icon'><\/i><\/div><div class='content_part'><h3 class='title'>Pi\u00e8ces et consommables<\/h3><p>Sauf mention contraire dans la tarification, toutes les pi\u00e8ces et consommables tels que chaine, plaquettes de freins, pneus, chambres \u00e0 air ne sont pas compris dans le tarif.<\/p><\/div><\/div><div id='cws_info_69d0cad8dd126' class='cws_info_wrapper default' ><div class='cws_content'><ul>\n<li>R\u00e9glage d\u2019un d\u00e9railleur 20\u20ac (c\u00e2ble inclus)\u20ac<\/li>\n<li>Changement \/ r\u00e9glage c\u00e2bles + gaines d\u00e9railleur (unit\u00e9) 25\u20ac (c\u00e2ble et gaine inclus)<\/li>\n<li>Changement des galets de d\u00e9railleur 10\u20ac<\/li>\n<li>Alignement patte de d\u00e9railleur + r\u00e9glage 20\u20ac<\/li>\n<li>Montage d\u2019une patte de d\u00e9railleur + r\u00e9glage 20\u20ac<\/li>\n<li>Montage et r\u00e9glage manette de d\u00e9railleur (unit\u00e9) 20\u20ac<\/li>\n<li>Montage d\u2019une cha\u00eene 10\u20ac<\/li>\n<li>Montage de p\u00e9dales 10\u20ac<\/li>\n<li>Montage d\u2019une manivelle 15\u20ac<\/li>\n<li>Montage d\u2019un p\u00e9dalier 30\u20ac<\/li>\n<li>Montage et graissage d\u2019un boitier de p\u00e9dalier 30\u20ac<\/li>\n<li>Simple serrage d\u2019un boitier de p\u00e9dalier 15\u20ac<\/li>\n<li>Montage de cales pieds 10\u20ac<\/li>\n<li>Changement d\u2019un plateau 20\u20ac<\/li>\n<li>Serrage des plateaux 5\u20ac<\/li>\n<li>Changement d\u2019une cassette 15\u20ac<\/li>\n<li>Serrage d\u2019une cassette 5\u20ac<\/li>\n<\/ul>\n<\/div><\/div><div class=\"cws_spacing cws_spacing_size_sm_desctop-on cws_spacing_tablet-on cws_spacing_mobile-on\"><div class=\"cws_spacing cws_spacing_default\" style=\"height:90px;\"><\/div> <div class=\"cws_spacing cws_spacing_size_sm_desctop\" style=\"height:90px;\"><\/div> <div class=\"cws_spacing cws_spacing_tablet\" style=\"height:50px;\"><\/div> <div class=\"cws_spacing cws_spacing_mobile\" style=\"height:50px;\"><\/div><\/div>[\/vc_column][\/vc_row][vc_row full_width=\u00a0\u00bbstretch_row\u00a0\u00bb bg_cws_color=\u00a0\u00bbcolor\u00a0\u00bb cws_overlay_color=\u00a0\u00bb#a55141&Prime; cws_pattern_image=\u00a0\u00bb215&Prime;][vc_column]<div class=\"cws_spacing cws_spacing_size_sm_desctop-on cws_spacing_tablet-on cws_spacing_mobile-on\"><div class=\"cws_spacing cws_spacing_default\" style=\"height:110px;\"><\/div> <div class=\"cws_spacing cws_spacing_size_sm_desctop\" style=\"height:110px;\"><\/div> <div class=\"cws_spacing cws_spacing_tablet\" style=\"height:50px;\"><\/div> <div class=\"cws_spacing cws_spacing_mobile\" style=\"height:50px;\"><\/div><\/div>[vc_row_inner][vc_column_inner]<div class='cws_textmodule cws_vc_shortcode_module' id='cws_textmodule_69d0cad8dd1ce'><div class='cws_textmodule_wrapper'><div class='cws_textmodule_text text_align_center'><div class='cws_textmodule_titles'><div class='cws_textmodule_subtitle_wrapper with_decor'><span class='subtitle-dots left'><\/span><span class='subtitile_left_line'><\/span><h4 class='cws_textmodule_subtitle'>Liste des prestations<\/h4><span class='subtitile_right_line'><\/span><span class='subtitle-dots right'><\/span><\/div><h3 class='cws_textmodule_title large'>FREINAGE<\/h3><\/div><\/div><\/div><\/div>[\/vc_column_inner][\/vc_row_inner]<div class=\"cws_spacing cws_spacing_size_sm_desctop-on cws_spacing_tablet-on cws_spacing_mobile-on\"><div class=\"cws_spacing cws_spacing_default\" style=\"height:0px;\"><\/div> <div class=\"cws_spacing cws_spacing_size_sm_desctop\" style=\"height:30px;\"><\/div> <div class=\"cws_spacing cws_spacing_tablet\" style=\"height:30px;\"><\/div> <div class=\"cws_spacing cws_spacing_mobile\" style=\"height:30px;\"><\/div><\/div><div class='sc_button_wrapper  align-center mobile-align-center'><a href='http:\/\/www.atelier-cycle-du-ried.com\/index.php\/contacts\/' class='cws_custom_button large advanced' id='cws_vc_shortcode_button_69d0cad8dd249'>Rendez-vous<\/a><\/div><div class=\"cws_spacing cws_spacing_size_sm_desctop-on cws_spacing_tablet-on cws_spacing_mobile-on\"><div class=\"cws_spacing cws_spacing_default\" style=\"height:110px;\"><\/div> <div class=\"cws_spacing cws_spacing_size_sm_desctop\" style=\"height:110px;\"><\/div> <div class=\"cws_spacing cws_spacing_tablet\" style=\"height:50px;\"><\/div> <div class=\"cws_spacing cws_spacing_mobile\" style=\"height:50px;\"><\/div><\/div><div id='cws_vc_shortcode_msg_box_69d0cad8dd279' class='cws_vc_shortcode_msg_box cws_vc_shortcode_module info'><div class='icon_part'><i class='msg_icon'><\/i><\/div><div class='content_part'><h3 class='title'>Pi\u00e8ces et consommables<\/h3><p>Sauf mention contraire dans la tarification, toutes les pi\u00e8ces et consommables tels que chaine, plaquettes de freins, pneus, chambres \u00e0 air ne sont pas compris dans le tarif.<\/p><\/div><\/div><div id='cws_info_69d0cad8dd339' class='cws_info_wrapper default' ><div class='cws_content'><ul>\n<li>R\u00e9glage des freins \u00e0 patins (avant et arri\u00e8re) 20\u20ac<\/li>\n<li>R\u00e9glage \u00e9triers freins \u00e0 disque (unit\u00e9) 15\u20ac<\/li>\n<li>Changement de patins (unit\u00e9) 10\u20ac<\/li>\n<li>Changement des plaquettes (unit\u00e9) 10\u20ac<\/li>\n<li>Changement de leviers 15\u20ac<\/li>\n<li>Changement d\u2019\u00e9trier de freins \u00e0 patins (unit\u00e9) 10\u20ac<\/li>\n<li>Changement \/ r\u00e9glage c\u00e2bles + gaines de freins (unit\u00e9) 25\u20ac (c\u00e2ble et gaine inclus)<\/li>\n<li>Changement d\u2019un disque 10\u20ac<\/li>\n<li>Purge d\u2019un frein \u00e0 disque huile min\u00e9rale 20\u20ac<\/li>\n<li>Purge d\u2019un frein \u00e0 disque huile synth\u00e9tique 25\u20ac<\/li>\n<li>Changement d\u2019une durite + purge 20\u20ac<\/li>\n<li>Montage freins \u00e0 disque (la paire) 30\u20ac<\/li>\n<\/ul>\n<\/div><\/div><div class=\"cws_spacing cws_spacing_size_sm_desctop-on cws_spacing_tablet-on cws_spacing_mobile-on\"><div class=\"cws_spacing cws_spacing_default\" style=\"height:90px;\"><\/div> <div class=\"cws_spacing cws_spacing_size_sm_desctop\" style=\"height:90px;\"><\/div> <div class=\"cws_spacing cws_spacing_tablet\" style=\"height:50px;\"><\/div> <div class=\"cws_spacing cws_spacing_mobile\" style=\"height:50px;\"><\/div><\/div>[\/vc_column][\/vc_row][vc_row full_width=\u00a0\u00bbstretch_row\u00a0\u00bb][vc_column]<div class=\"cws_spacing cws_spacing_size_sm_desctop-on cws_spacing_tablet-on cws_spacing_mobile-on\"><div class=\"cws_spacing cws_spacing_default\" style=\"height:90px;\"><\/div> <div class=\"cws_spacing cws_spacing_size_sm_desctop\" style=\"height:90px;\"><\/div> <div class=\"cws_spacing cws_spacing_tablet\" style=\"height:50px;\"><\/div> <div class=\"cws_spacing cws_spacing_mobile\" style=\"height:50px;\"><\/div><\/div><div class='cws_textmodule cws_vc_shortcode_module' id='cws_textmodule_69d0cad8dd3c1'><div class='cws_textmodule_wrapper'><div class='cws_textmodule_text text_align_center'><div class='cws_textmodule_titles'><div class='cws_textmodule_subtitle_wrapper with_decor'><span class='subtitle-dots left'><\/span><span class='subtitile_left_line'><\/span><h4 class='cws_textmodule_subtitle'>Liste des prestations<\/h4><span class='subtitile_right_line'><\/span><span class='subtitle-dots right'><\/span><\/div><h3 class='cws_textmodule_title large'>DIRECTION<\/h3><\/div><\/div><\/div><\/div><div class='sc_button_wrapper  align-center mobile-align-center'><a href='http:\/\/www.atelier-cycle-du-ried.com\/index.php\/contacts\/' class='cws_custom_button large advanced' id='cws_vc_shortcode_button_69d0cad8dd419'>Rendez-vous<\/a><\/div><div class=\"cws_spacing cws_spacing_size_sm_desctop-on cws_spacing_tablet-on cws_spacing_mobile-on\"><div class=\"cws_spacing cws_spacing_default\" style=\"height:90px;\"><\/div> <div class=\"cws_spacing cws_spacing_size_sm_desctop\" style=\"height:90px;\"><\/div> <div class=\"cws_spacing cws_spacing_tablet\" style=\"height:50px;\"><\/div> <div class=\"cws_spacing cws_spacing_mobile\" style=\"height:50px;\"><\/div><\/div><div id='cws_vc_shortcode_msg_box_69d0cad8dd43e' class='cws_vc_shortcode_msg_box cws_vc_shortcode_module info'><div class='icon_part'><i class='msg_icon'><\/i><\/div><div class='content_part'><h3 class='title'>Pi\u00e8ces et consommables<\/h3><p>Sauf mention contraire dans la tarification, toutes les pi\u00e8ces et consommables tels que chaine, plaquettes de freins, pneus, chambres \u00e0 air ne sont pas compris dans le tarif.<\/p><\/div><\/div><div id='cws_info_69d0cad8dd4c5' class='cws_info_wrapper default' ><div class='cws_content'><ul>\n<li>R\u00e9glage \/ Graissage du jeu de direction 15\u20ac<\/li>\n<li>Montage d\u2019un jeu de direction 20\u20ac<\/li>\n<li>Montage d\u2019une \u00e9toile 10\u20ac<\/li>\n<li>Montage d\u2019une fourche 40\u20ac<\/li>\n<\/ul>\n<\/div><\/div><div class=\"cws_spacing cws_spacing_size_sm_desctop-on cws_spacing_tablet-on cws_spacing_mobile-on\"><div class=\"cws_spacing cws_spacing_default\" style=\"height:90px;\"><\/div> <div class=\"cws_spacing cws_spacing_size_sm_desctop\" style=\"height:90px;\"><\/div> <div class=\"cws_spacing cws_spacing_tablet\" style=\"height:50px;\"><\/div> <div class=\"cws_spacing cws_spacing_mobile\" style=\"height:50px;\"><\/div><\/div>[\/vc_column][\/vc_row][vc_row full_width=\u00a0\u00bbstretch_row\u00a0\u00bb bg_cws_color=\u00a0\u00bbcolor\u00a0\u00bb cws_overlay_color=\u00a0\u00bb#a55141&Prime; cws_pattern_image=\u00a0\u00bb215&Prime;][vc_column]<div class=\"cws_spacing cws_spacing_size_sm_desctop-on cws_spacing_tablet-on cws_spacing_mobile-on\"><div class=\"cws_spacing cws_spacing_default\" style=\"height:110px;\"><\/div> <div class=\"cws_spacing cws_spacing_size_sm_desctop\" style=\"height:110px;\"><\/div> <div class=\"cws_spacing cws_spacing_tablet\" style=\"height:50px;\"><\/div> <div class=\"cws_spacing cws_spacing_mobile\" style=\"height:50px;\"><\/div><\/div>[vc_row_inner][vc_column_inner]<div class='cws_textmodule cws_vc_shortcode_module' id='cws_textmodule_69d0cad8dd53a'><div class='cws_textmodule_wrapper'><div class='cws_textmodule_text text_align_center'><div class='cws_textmodule_titles'><div class='cws_textmodule_subtitle_wrapper with_decor'><span class='subtitle-dots left'><\/span><span class='subtitile_left_line'><\/span><h4 class='cws_textmodule_subtitle'>Liste des prestations<\/h4><span class='subtitile_right_line'><\/span><span class='subtitle-dots right'><\/span><\/div><h3 class='cws_textmodule_title large'>ROUES<\/h3><\/div><\/div><\/div><\/div>[\/vc_column_inner][\/vc_row_inner]<div class=\"cws_spacing cws_spacing_size_sm_desctop-on cws_spacing_tablet-on cws_spacing_mobile-on\"><div class=\"cws_spacing cws_spacing_default\" style=\"height:0px;\"><\/div> <div class=\"cws_spacing cws_spacing_size_sm_desctop\" style=\"height:30px;\"><\/div> <div class=\"cws_spacing cws_spacing_tablet\" style=\"height:30px;\"><\/div> <div class=\"cws_spacing cws_spacing_mobile\" style=\"height:30px;\"><\/div><\/div><div class='sc_button_wrapper  align-center mobile-align-center'><a href='http:\/\/www.atelier-cycle-du-ried.com\/index.php\/contacts\/' class='cws_custom_button large advanced' id='cws_vc_shortcode_button_69d0cad8dd594'>Rendez-vous<\/a><\/div><div class=\"cws_spacing cws_spacing_size_sm_desctop-on cws_spacing_tablet-on cws_spacing_mobile-on\"><div class=\"cws_spacing cws_spacing_default\" style=\"height:110px;\"><\/div> <div class=\"cws_spacing cws_spacing_size_sm_desctop\" style=\"height:110px;\"><\/div> <div class=\"cws_spacing cws_spacing_tablet\" style=\"height:50px;\"><\/div> <div class=\"cws_spacing cws_spacing_mobile\" style=\"height:50px;\"><\/div><\/div><div id='cws_vc_shortcode_msg_box_69d0cad8dd5b7' class='cws_vc_shortcode_msg_box cws_vc_shortcode_module info'><div class='icon_part'><i class='msg_icon'><\/i><\/div><div class='content_part'><h3 class='title'>Pi\u00e8ces et consommables<\/h3><p>Sauf mention contraire dans la tarification, toutes les pi\u00e8ces et consommables tels que chaine, plaquettes de freins, pneus, chambres \u00e0 air ne sont pas compris dans le tarif.<\/p><\/div><\/div><div id='cws_info_69d0cad8dd64f' class='cws_info_wrapper default' ><div class='cws_content'><ul>\n<li>D\u00e9voilage d\u2019une roue simple 10\u20ac<\/li>\n<li>Changement d\u2019un rayon + d\u00e9voilage 10\u20ac (sans rayon)<\/li>\n<li>Graissage d\u2019un moyeu 25\u20ac<\/li>\n<li>Changement d\u2019une chambre \u00e0 air 10\u20ac (chambre non incluse)<\/li>\n<li>Changement d\u2019un pneu 10\u20ac (pneu non inclus)<\/li>\n<li>Montage d\u2019un pneu tubeless avec pr\u00e9ventif 25\u20ac ( pr\u00e9ventif inclus )<\/li>\n<li>Changement d\u2019un corps de roue libre 30\u20ac<\/li>\n<li>Graissage d\u2019un corps de roue libre 30\u20ac<\/li>\n<li>Montage tubeless ( scotch peaty&rsquo;s + valves veapty&rsquo;s + pr\u00e9ventif compris pour 2 roues peaty&rsquo;s biofibre) sur roues 26&Prime; \/ 27.5\u2033+ \/ 29&Prime; 75\u20ac<\/li>\n<\/ul>\n<\/div><\/div><div class=\"cws_spacing cws_spacing_size_sm_desctop-on cws_spacing_tablet-on cws_spacing_mobile-on\"><div class=\"cws_spacing cws_spacing_default\" style=\"height:90px;\"><\/div> <div class=\"cws_spacing cws_spacing_size_sm_desctop\" style=\"height:90px;\"><\/div> <div class=\"cws_spacing cws_spacing_tablet\" style=\"height:50px;\"><\/div> <div class=\"cws_spacing cws_spacing_mobile\" style=\"height:50px;\"><\/div><\/div>[\/vc_column][\/vc_row][vc_row full_width=\u00a0\u00bbstretch_row\u00a0\u00bb][vc_column]<div class=\"cws_spacing cws_spacing_size_sm_desctop-on cws_spacing_tablet-on cws_spacing_mobile-on\"><div class=\"cws_spacing cws_spacing_default\" style=\"height:90px;\"><\/div> <div class=\"cws_spacing cws_spacing_size_sm_desctop\" style=\"height:90px;\"><\/div> <div class=\"cws_spacing cws_spacing_tablet\" style=\"height:50px;\"><\/div> <div class=\"cws_spacing cws_spacing_mobile\" style=\"height:50px;\"><\/div><\/div><div class='cws_textmodule cws_vc_shortcode_module' id='cws_textmodule_69d0cad8dd6c8'><div class='cws_textmodule_wrapper'><div class='cws_textmodule_text text_align_center'><div class='cws_textmodule_titles'><div class='cws_textmodule_subtitle_wrapper with_decor'><span class='subtitle-dots left'><\/span><span class='subtitile_left_line'><\/span><h4 class='cws_textmodule_subtitle'>Liste des prestations<\/h4><span class='subtitile_right_line'><\/span><span class='subtitle-dots right'><\/span><\/div><h3 class='cws_textmodule_title large'>DIVERS<\/h3><\/div><\/div><\/div><\/div><div class='sc_button_wrapper  align-center mobile-align-center'><a href='http:\/\/www.atelier-cycle-du-ried.com\/index.php\/contacts\/' class='cws_custom_button large advanced' id='cws_vc_shortcode_button_69d0cad8dd713'>Rendez-vous<\/a><\/div><div class=\"cws_spacing cws_spacing_size_sm_desctop-on cws_spacing_tablet-on cws_spacing_mobile-on\"><div class=\"cws_spacing cws_spacing_default\" style=\"height:90px;\"><\/div> <div class=\"cws_spacing cws_spacing_size_sm_desctop\" style=\"height:90px;\"><\/div> <div class=\"cws_spacing cws_spacing_tablet\" style=\"height:50px;\"><\/div> <div class=\"cws_spacing cws_spacing_mobile\" style=\"height:50px;\"><\/div><\/div><div id='cws_vc_shortcode_msg_box_69d0cad8dd734' class='cws_vc_shortcode_msg_box cws_vc_shortcode_module info'><div class='icon_part'><i class='msg_icon'><\/i><\/div><div class='content_part'><h3 class='title'>Pi\u00e8ces et consommables<\/h3><p>Sauf mention contraire dans la tarification, toutes les pi\u00e8ces et consommables tels que chaine, plaquettes de freins, pneus, chambres \u00e0 air ne sont pas compris dans le tarif.<\/p><\/div><\/div><div id='cws_info_69d0cad8dd7c9' class='cws_info_wrapper default' ><div class='cws_content'><ul>\n<li>Pose compteur 10\u20ac<\/li>\n<li>Pose b\u00e9quille 10\u20ac<\/li>\n<li>Pose porte-bagage 15\u20ac<\/li>\n<li>Pose porte-b\u00e9b\u00e9 15\u20ac<\/li>\n<li>Pose \u00e9clairage 15\u20ac<\/li>\n<li>Pose guidoline 15\u20ac<\/li>\n<li>Pose guidon 15\u20ac<\/li>\n<li>Pose potence 20\u20ac<\/li>\n<li>Pose selle 10\u20ac<\/li>\n<li>Pose tige de selle 10\u20ac<\/li>\n<\/ul>\n<\/div><\/div><div class=\"cws_spacing cws_spacing_size_sm_desctop-on cws_spacing_tablet-on cws_spacing_mobile-on\"><div class=\"cws_spacing cws_spacing_default\" style=\"height:90px;\"><\/div> <div class=\"cws_spacing cws_spacing_size_sm_desctop\" style=\"height:90px;\"><\/div> <div class=\"cws_spacing cws_spacing_tablet\" style=\"height:50px;\"><\/div> <div class=\"cws_spacing cws_spacing_mobile\" style=\"height:50px;\"><\/div><\/div>[\/vc_column][\/vc_row]\n","protected":false},"excerpt":{"rendered":"<p>[vc_row full_width=\u00a0\u00bbstretch_row\u00a0\u00bb][vc_column][\/vc_column][\/vc_row][vc_row full_width=\u00a0\u00bbstretch_row\u00a0\u00bb bg_cws_color=\u00a0\u00bbcolor\u00a0\u00bb cws_overlay_color=\u00a0\u00bb#a55141&Prime; cws_pattern_image=\u00a0\u00bb215&Prime;][vc_column][vc_row_inner][vc_column_inner][\/vc_column_inner][\/vc_row_inner][\/vc_column][\/vc_row][vc_row full_width=\u00a0\u00bbstretch_row\u00a0\u00bb][vc_column][\/vc_column][\/vc_row][vc_row full_width=\u00a0\u00bbstretch_row\u00a0\u00bb bg_cws_color=\u00a0\u00bbcolor\u00a0\u00bb cws_overlay_color=\u00a0\u00bb#a55141&Prime; cws_pattern_image=\u00a0\u00bb215&Prime;][vc_column][vc_row_inner][vc_column_inner][\/vc_column_inner][\/vc_row_inner][\/vc_column][\/vc_row][vc_row full_width=\u00a0\u00bbstretch_row\u00a0\u00bb][vc_column][\/vc_column][\/vc_row]<\/p>\n","protected":false},"author":1,"featured_media":0,"parent":0,"menu_order":0,"comment_status":"closed","ping_status":"closed","template":"","meta":[],"_links":{"self":[{"href":"https:\/\/www.atelier-cycle-du-ried.com\/index.php\/wp-json\/wp\/v2\/pages\/424"}],"collection":[{"href":"https:\/\/www.atelier-cycle-du-ried.com\/index.php\/wp-json\/wp\/v2\/pages"}],"about":[{"href":"https:\/\/www.atelier-cycle-du-ried.com\/index.php\/wp-json\/wp\/v2\/types\/page"}],"author":[{"embeddable":true,"href":"https:\/\/www.atelier-cycle-du-ried.com\/index.php\/wp-json\/wp\/v2\/users\/1"}],"replies":[{"embeddable":true,"href":"https:\/\/www.atelier-cycle-du-ried.com\/index.php\/wp-json\/wp\/v2\/comments?post=424"}],"version-history":[{"count":19,"href":"https:\/\/www.atelier-cycle-du-ried.com\/index.php\/wp-json\/wp\/v2\/pages\/424\/revisions"}],"predecessor-version":[{"id":2403,"href":"https:\/\/www.atelier-cycle-du-ried.com\/index.php\/wp-json\/wp\/v2\/pages\/424\/revisions\/2403"}],"wp:attachment":[{"href":"https:\/\/www.atelier-cycle-du-ried.com\/index.php\/wp-json\/wp\/v2\/media?parent=424"}],"curies":[{"name":"wp","href":"https:\/\/api.w.org\/{rel}","templated":true}]}}